{"id":2176,"date":"2016-08-04T20:00:32","date_gmt":"2016-08-04T19:00:32","guid":{"rendered":"http:\/\/econonord.mlbwdev.com\/en\/?page_id=2176"},"modified":"2023-10-17T15:52:50","modified_gmt":"2023-10-17T19:52:50","slug":"home","status":"publish","type":"page","link":"https:\/\/www.econonord.com\/en\/","title":{"rendered":"Home"},"content":{"rendered":"<p>[vc_row row_type=&#8221;row&#8221; use_row_as_full_screen_section=&#8221;yes&#8221; type=&#8221;full_width&#8221; angled_section=&#8221;no&#8221; text_align=&#8221;left&#8221; background_image_as_pattern=&#8221;without_pattern&#8221; css_animation=&#8221;&#8221;][vc_column][rev_slider_vc alias=&#8221;slider-home-en&#8221;][\/vc_column][\/vc_row][vc_row row_type=&#8221;row&#8221; use_row_as_full_screen_section=&#8221;no&#8221; type=&#8221;full_width&#8221; angled_section=&#8221;no&#8221; text_align=&#8221;left&#8221; background_image=&#8221;1542&#8243; background_image_as_pattern=&#8221;without_pattern&#8221; css_animation=&#8221;&#8221; css=&#8221;.vc_custom_1468610947022{padding-top: 0px !important;padding-bottom: 50px !important;}&#8221;][vc_column][vc_row_inner row_type=&#8221;row&#8221; type=&#8221;grid&#8221; text_align=&#8221;left&#8221; background_color=&#8221;rgba(24,38,101,0.88)&#8221; padding_top=&#8221;20&#8243; padding_bottom=&#8221;10&#8243; css_animation=&#8221;&#8221; el_id=&#8221;call-slider&#8221;][vc_column_inner el_class=&#8221;bloc-call-slider&#8221; width=&#8221;1\/4&#8243;][vc_single_image image=&#8221;1238&#8243; img_size=&#8221;medium&#8221; qode_css_animation=&#8221;&#8221; el_class=&#8221;img-header-call&#8221;][vc_column_text]<strong>CONTACT US<\/strong><\/p>\n<p>Toll free\u00a0:<\/p>\n<p>+<a href=\"tel:18885303323\">1 888 530-3323<\/a>[\/vc_column_text][\/vc_column_inner][vc_column_inner el_class=&#8221;bloc-call-slider&#8221; width=&#8221;1\/4&#8243;][vc_single_image image=&#8221;1242&#8243; img_size=&#8221;medium&#8221; qode_css_animation=&#8221;&#8221; el_class=&#8221;img-header-call&#8221; css=&#8221;.vc_custom_1468509480779{padding-bottom: 20px !important;}&#8221;][vc_column_text]<strong>OUR HOURS<\/strong><\/p>\n<p>Monday to Friday\u00a0: 7\u00a0AM to 6\u00a0PM[\/vc_column_text][\/vc_column_inner][vc_column_inner el_class=&#8221;bloc-call-slider&#8221; width=&#8221;1\/4&#8243;][vc_single_image image=&#8221;1240&#8243; img_size=&#8221;medium&#8221; qode_css_animation=&#8221;&#8221; el_class=&#8221;img-header-call&#8221; css=&#8221;.vc_custom_1468509490026{padding-bottom: 20px !important;}&#8221;][vc_column_text]<strong>WHERE TO FIND US<\/strong><\/p>\n<p>851 Boul. Roland-Godard<br \/>\nSaint-J\u00e9r\u00f4me, QC<br \/>\nJ7Y 4C2[\/vc_column_text][\/vc_column_inner][vc_column_inner width=&#8221;1\/4&#8243;][vc_single_image image=&#8221;1244&#8243; img_size=&#8221;medium&#8221; qode_css_animation=&#8221;&#8221; el_class=&#8221;img-header-call&#8221;][vc_column_text]QUICKLY get a quote online![\/vc_column_text]<a  itemprop=\"url\" href=\"\/en\/quote\" target=\"_self\" data-hover-background-color=#ffffff data-hover-color=#182665 class=\"qbutton  medium default\" style=\"color: #ffffff; border-color: rgba(255,255,255,0.2); font-style: normal; font-weight: 900; background-color: rgba(255,255,255,0.1);\">Get a quote<\/a>[\/vc_column_inner][\/vc_row_inner][vc_custom_heading text=&#8221;Your Transport Company in Quebec&#8221; font_container=&#8221;tag:h1|text_align:center&#8221; google_fonts=&#8221;font_family:Raleway%3A100%2C200%2C300%2Cregular%2C500%2C600%2C700%2C800%2C900|font_style:500%20bold%20regular%3A500%3Anormal&#8221; css=&#8221;.vc_custom_1687469421369{padding-top: 30px !important;}&#8221;][vc_column_text]<\/p>\n<p style=\"text-align: center;\">Welcome to Transport Econo Nord, a trucking company in Quebec. We&#8217;ve been specializing in <a href=\"https:\/\/www.econonord.com\/en\/ltl-shipping-quebec-saint-jerome\/\" target=\"_blank\" rel=\"noopener\">LTL transportation<\/a> and <a href=\"https:\/\/www.econonord.com\/en\/truck-transportation-quebec\/\" target=\"_blank\" rel=\"noopener\">truckload<\/a> for over 15 years, and have built our reputation on quality service and customer satisfaction. Whether you need to transport goods across the province or across the country, we&#8217;re here to help.<\/p>\n<p>[\/vc_column_text][vc_row_inner row_type=&#8221;row&#8221; type=&#8221;grid&#8221; text_align=&#8221;left&#8221; padding_top=&#8221;80&#8243; padding_bottom=&#8221;40&#8243; css_animation=&#8221;&#8221;][vc_column_inner width=&#8221;1\/4&#8243;][vc_custom_heading text=&#8221;Our services&#8221; google_fonts=&#8221;font_family:Lato%3A100%2C100italic%2C300%2C300italic%2Cregular%2Citalic%2C700%2C700italic%2C900%2C900italic|font_style:700%20bold%20regular%3A700%3Anormal&#8221;][vc_separator type=&#8221;normal&#8221; thickness=&#8221;1&#8243;][vc_custom_heading text=&#8221;Here&#8217;s an overview of what we can do for you&#8221; font_container=&#8221;tag:div|font_size:20|text_align:left&#8221; use_theme_fonts=&#8221;yes&#8221;][\/vc_column_inner][vc_column_inner el_class=&#8221;bloc-service&#8221; width=&#8221;1\/4&#8243;][vc_single_image image=&#8221;58&#8243; img_size=&#8221;medium&#8221; alignment=&#8221;center&#8221; qode_css_animation=&#8221;element_from_left&#8221;][vc_column_text]Transport your goods from one city to another in North America[\/vc_column_text][\/vc_column_inner][vc_column_inner el_class=&#8221;bloc-service&#8221; width=&#8221;1\/4&#8243;][vc_single_image image=&#8221;62&#8243; img_size=&#8221;medium&#8221; alignment=&#8221;center&#8221; qode_css_animation=&#8221;element_from_left&#8221; transition_delay=&#8221;0.5&#8243;][vc_column_text]Make <a href=\"https:\/\/www.econonord.com\/transport-livraison-a-domicile\/\" target=\"_blank\" rel=\"noopener\"><u>home deliveries<\/u><\/a> to your customers[\/vc_column_text][\/vc_column_inner][vc_column_inner el_class=&#8221;bloc-service&#8221; width=&#8221;1\/4&#8243;][vc_single_image image=&#8221;60&#8243; img_size=&#8221;medium&#8221; alignment=&#8221;center&#8221; qode_css_animation=&#8221;element_from_left&#8221; transition_delay=&#8221;1&#8243; css=&#8221;.vc_custom_1469479796967{padding-top: 8px !important;padding-bottom: 8px !important;}&#8221;][vc_column_text]Deliver your speciality shipments to their destinations and on time[\/vc_column_text][\/vc_column_inner][\/vc_row_inner][\/vc_column][\/vc_row][vc_row row_type=&#8221;parallax&#8221; parallax_content_width=&#8221;full_width&#8221; text_align=&#8221;left&#8221; background_image=&#8221;66&#8243; full_screen_section_height=&#8221;no&#8221; parallax_speed=&#8221;1&#8243; css=&#8221;.vc_custom_1661953614413{padding-top: 0px !important;padding-bottom: 0px !important;}&#8221;][vc_column][vc_row_inner row_type=&#8221;row&#8221; type=&#8221;full_width&#8221; text_align=&#8221;center&#8221; css_animation=&#8221;&#8221; css=&#8221;.vc_custom_1468509045184{margin-right: 0px !important;margin-left: 0px !important;padding-top: 50px !important;padding-bottom: 50px !important;}&#8221; el_class=&#8221;tp-dottedoverlay twoxtwo&#8221;][vc_column_inner][vc_custom_heading text=&#8221;Our carriers contribute to your company&#8217;s success&#8221; font_container=&#8221;tag:h2|font_size:45px|text_align:center|color:%23ffffff|line_height:50px&#8221; google_fonts=&#8221;font_family:Lato%3A100%2C100italic%2C300%2C300italic%2Cregular%2Citalic%2C700%2C700italic%2C900%2C900italic|font_style:400%20regular%3A400%3Anormal&#8221; el_class=&#8221;parallax-title&#8221;][\/vc_column_inner][\/vc_row_inner][\/vc_column][\/vc_row][vc_row row_type=&#8221;row&#8221; use_row_as_full_screen_section=&#8221;no&#8221; type=&#8221;grid&#8221; angled_section=&#8221;no&#8221; text_align=&#8221;left&#8221; background_image_as_pattern=&#8221;without_pattern&#8221; padding_top=&#8221;40&#8243; padding_bottom=&#8221;40&#8243; css_animation=&#8221;&#8221;][vc_column][vc_custom_heading text=&#8221;Trucking services offered by Econo Nord&#8221; google_fonts=&#8221;font_family:Lato%3A100%2C100italic%2C300%2C300italic%2Cregular%2Citalic%2C700%2C700italic%2C900%2C900italic|font_style:700%20bold%20regular%3A700%3Anormal&#8221;][vc_separator type=&#8221;normal&#8221; thickness=&#8221;1&#8243;][vc_row_inner row_type=&#8221;row&#8221; type=&#8221;full_width&#8221; text_align=&#8221;left&#8221; padding_top=&#8221;15&#8243; padding_bottom=&#8221;15&#8243; css_animation=&#8221;&#8221;][vc_column_inner width=&#8221;1\/2&#8243;][vc_column_text]<\/p>\n<h3>LTL freight shipping<\/h3>\n<p>Do you need to transport goods down the corridor between <a href=\"https:\/\/www.econonord.com\/en\/ltl-transport-quebec-ontario\/\">Ontario and Quebec<\/a>, transport to the <a href=\"https:\/\/www.econonord.com\/en\/ltl-transportation-canada-united-states\/\">United States<\/a> or use an <a href=\"https:\/\/www.econonord.com\/en\/ltl-shipping-quebec-saint-jerome\/\">LTL shipping service<\/a>? Our experts take care of the logistics of truck loading and the organization of delivery rounds before meeting your delivery requirements.[\/vc_column_text][vc_empty_space height=&#8221;15px&#8221;][vc_button2 title=&#8221;Read More&#8221; color=&#8221;white&#8221; link=&#8221;url:https%3A%2F%2Fwww.econonord.com%2Fen%2Fltl-shipping-quebec-saint-jerome%2F|||&#8221; el_class=&#8221;btn_secondaire&#8221;][\/vc_column_inner][vc_column_inner width=&#8221;1\/2&#8243;][vc_column_text]<\/p>\n<h3>Delivery truck services<\/h3>\n<p>It\u2019s not always easy to find a home <a href=\"https:\/\/www.econonord.com\/en\/home-deliveries\/\">delivery truck service<\/a> with accommodation at its core. We take care of the logistics ensuring that your goods are delivered to the homes of your clients on time and in order.[\/vc_column_text][vc_empty_space height=&#8221;15px&#8221;][vc_button2 title=&#8221;Read More&#8221; color=&#8221;white&#8221; link=&#8221;url:https%3A%2F%2Fwww.econonord.com%2Fen%2Fhome-deliveries%2F|||&#8221; el_class=&#8221;btn_secondaire&#8221;][\/vc_column_inner][\/vc_row_inner][vc_row_inner row_type=&#8221;row&#8221; type=&#8221;full_width&#8221; text_align=&#8221;left&#8221; padding_top=&#8221;10&#8243; padding_bottom=&#8221;15&#8243; css_animation=&#8221;&#8221;][vc_column_inner width=&#8221;1\/2&#8243;][vc_column_text]<\/p>\n<h3>Storage<\/h3>\n<p>We can facilitate your inventory management by providing you greater flexibility with a tailored <a href=\"https:\/\/www.econonord.com\/en\/a-customized-warehousing-service\/\">warehousing service<\/a> in addition to our transport services. Your goods will be safe and secure in our 24\/7 monitored 18,000 square foot warehouse.[\/vc_column_text][vc_empty_space height=&#8221;15px&#8221;][vc_button2 title=&#8221;Read More&#8221; color=&#8221;white&#8221; link=&#8221;url:https%3A%2F%2Fwww.econonord.com%2Fen%2Fa-customized-warehousing-service%2F|||&#8221; el_class=&#8221;btn_secondaire&#8221;][\/vc_column_inner][vc_column_inner width=&#8221;1\/2&#8243;][vc_column_text]<\/p>\n<h3>Explosive goods transport<\/h3>\n<p>Do you need to transport dangerous goods? For the <a href=\"https:\/\/www.econonord.com\/en\/a-safe-and-reliable-explosives-transport-service\/\">transportation of explosives<\/a>, trust our team of government-certified experts. Transport Econo Nord has all the skills to ensure that your merchandise reaches its destination in the safest way possible.[\/vc_column_text][vc_empty_space height=&#8221;15px&#8221;][vc_button2 title=&#8221;Read More&#8221; color=&#8221;white&#8221; link=&#8221;url:https%3A%2F%2Fwww.econonord.com%2Fen%2Fa-safe-and-reliable-explosives-transport-service%2F|||&#8221; el_class=&#8221;btn_secondaire&#8221;][\/vc_column_inner][\/vc_row_inner][\/vc_column][\/vc_row][vc_row row_type=&#8221;row&#8221; use_row_as_full_screen_section=&#8221;no&#8221; type=&#8221;grid&#8221; angled_section=&#8221;no&#8221; text_align=&#8221;left&#8221; background_image_as_pattern=&#8221;without_pattern&#8221; padding_top=&#8221;40&#8243; padding_bottom=&#8221;0&#8243; css_animation=&#8221;&#8221; css=&#8221;.vc_custom_1661953797324{background-color: #ffffff !important;}&#8221;][vc_column width=&#8221;1\/3&#8243;][vc_custom_heading text=&#8221;Our transport team&#8221; google_fonts=&#8221;font_family:Lato%3A100%2C100italic%2C300%2C300italic%2Cregular%2Citalic%2C700%2C700italic%2C900%2C900italic|font_style:700%20bold%20regular%3A700%3Anormal&#8221;][vc_separator type=&#8221;normal&#8221; thickness=&#8221;1&#8243;][vc_custom_heading text=&#8221;A devoted and dynamic team&#8221; font_container=&#8221;tag:div|font_size:20|text_align:left&#8221; use_theme_fonts=&#8221;yes&#8221;][\/vc_column][vc_column width=&#8221;1\/3&#8243;][vc_column_text]Choosing our transportation company means trusting a dynamic team dedicated to offering you the best trucking service.<\/p>\n<p>Transport Econo Nord has 35 employees on board who work hard to carry out your road transports anywhere in North America.[\/vc_column_text][\/vc_column][vc_column width=&#8221;1\/3&#8243;][vc_column_text]<strong>If you are looking for a carrier that can handle home deliveries, specialized or general transport, trust <a href=\"https:\/\/www.econonord.com\/en\/company\/our-team\/\" target=\"_blank\" rel=\"noopener\">our team<\/a>!<\/strong>[\/vc_column_text][\/vc_column][vc_column][vc_single_image image=&#8221;1282&#8243; img_size=&#8221;full&#8221; qode_css_animation=&#8221;&#8221;][\/vc_column][\/vc_row][vc_row row_type=&#8221;row&#8221; use_row_as_full_screen_section=&#8221;no&#8221; type=&#8221;grid&#8221; angled_section=&#8221;no&#8221; text_align=&#8221;left&#8221; background_image_as_pattern=&#8221;without_pattern&#8221; padding_top=&#8221;40&#8243; css_animation=&#8221;&#8221; css=&#8221;.vc_custom_1468358397103{background-color: #231a74 !important;}&#8221;][vc_column width=&#8221;1\/3&#8243;][vc_custom_heading text=&#8221;The equipment of our Transport Company&#8221; font_container=&#8221;tag:h2|text_align:left|color:%23ffffff&#8221; google_fonts=&#8221;font_family:Lato%3A100%2C100italic%2C300%2C300italic%2Cregular%2Citalic%2C700%2C700italic%2C900%2C900italic|font_style:700%20bold%20regular%3A700%3Anormal&#8221;][vc_separator type=&#8221;normal&#8221; color=&#8221;#ffffff&#8221; thickness=&#8221;1&#8243;][vc_custom_heading text=&#8221;Our fleet and equipment: We have a wide range of specialized trucks that are heated and equipped with a regular or oversized lifting platforms.&#8221; font_container=&#8221;tag:div|font_size:20|text_align:left|color:%23ffffff&#8221; use_theme_fonts=&#8221;yes&#8221;][\/vc_column][vc_column width=&#8221;1\/3&#8243;][vc_column_text]<span style=\"color: #ffffff;\">The length of the trailers, equipped with 2 axles, varies from 45 to 53 feet. Straight trucks with boxes are 20, 26 or 30 feet long, while our tractor trailers have 6 or 10 wheels.<\/span>[\/vc_column_text][vc_column_text]<span style=\"color: #ffffff;\">For special cargo, Transport Econo Nord low-profile open trailers with 3 axles.<\/span>[\/vc_column_text][\/vc_column][vc_column width=&#8221;1\/3&#8243;][vc_row_inner row_type=&#8221;row&#8221; type=&#8221;full_width&#8221; text_align=&#8221;left&#8221; css_animation=&#8221;&#8221; el_class=&#8221;wrapper-imgbottom&#8221;][vc_column_inner][vc_single_image image=&#8221;1298&#8243; img_size=&#8221;full&#8221; alignment=&#8221;center&#8221; qode_css_animation=&#8221;&#8221; el_class=&#8221;imgbottom&#8221;][\/vc_column_inner][\/vc_row_inner][\/vc_column][\/vc_row][vc_row row_type=&#8221;row&#8221; use_row_as_full_screen_section=&#8221;no&#8221; type=&#8221;grid&#8221; angled_section=&#8221;no&#8221; text_align=&#8221;left&#8221; background_image_as_pattern=&#8221;without_pattern&#8221; padding_top=&#8221;40&#8243; padding_bottom=&#8221;40&#8243; css_animation=&#8221;&#8221;][vc_column width=&#8221;2\/3&#8243;][vc_column_text]<\/p>\n<h2>Trust Transport Econo Nord to deliver your freight<\/h2>\n<p>Econo Nord is your trusted partner for all your trucking needs, whether you\u2019re in Montreal, Quebec, Ontario or the United States. To learn more about our services or to reach one of our consultants, call us now at <a href=\"tel:+14505303323\">450-530-3323<\/a> or <a href=\"https:\/\/www.econonord.com\/en\/contact-us\/\">contact us here<\/a>.[\/vc_column_text][\/vc_column][vc_column width=&#8221;1\/3&#8243;][vc_single_image image=&#8221;1374&#8243; img_size=&#8221;medium&#8221; qode_css_animation=&#8221;&#8221; el_class=&#8221;img-header-call&#8221;][vc_column_text]You can also request a quote online![\/vc_column_text]<a  itemprop=\"url\" href=\"\/en\/quote\" target=\"_self\" data-hover-background-color=#ffffff data-hover-border-color=#182665 data-hover-color=#182665 class=\"qbutton  medium default\" style=\"color: #33414c; border-color: #33414c; font-style: normal; font-weight: 900; margin: 10px 0px 0px 0px; background-color: rgba(255,255,255,0.1);\">Get a quote<\/a>[\/vc_column][\/vc_row]<\/p>\n","protected":false},"excerpt":{"rendered":"<p>[vc_row row_type=&#8221;row&#8221; use_row_as_full_screen_section=&#8221;yes&#8221; type=&#8221;full_width&#8221; angled_section=&#8221;no&#8221; text_align=&#8221;left&#8221; background_image_as_pattern=&#8221;without_pattern&#8221; css_animation=&#8221;&#8221;][vc_column][rev_slider_vc alias=&#8221;slider-home-en&#8221;][\/vc_column][\/vc_row][vc_row row_type=&#8221;row&#8221; use_row_as_full_screen_section=&#8221;no&#8221; type=&#8221;full_width&#8221; angled_section=&#8221;no&#8221; text_align=&#8221;left&#8221; background_image=&#8221;1542&#8243; background_image_as_pattern=&#8221;without_pattern&#8221; css_animation=&#8221;&#8221; css=&#8221;.vc_custom_1468610947022{padding-top: 0px !important;padding-bottom: 50px !important;}&#8221;][vc_column][vc_row_inner row_type=&#8221;row&#8221; type=&#8221;grid&#8221; text_align=&#8221;left&#8221; background_color=&#8221;rgba(24,38,101,0.88)&#8221; padding_top=&#8221;20&#8243; padding_bottom=&#8221;10&#8243; css_animation=&#8221;&#8221; el_id=&#8221;call-slider&#8221;][vc_column_inner el_class=&#8221;bloc-call-slider&#8221; width=&#8221;1\/4&#8243;][vc_single_image image=&#8221;1238&#8243; img_size=&#8221;medium&#8221; qode_css_animation=&#8221;&#8221; el_class=&#8221;img-header-call&#8221;][vc_column_text]CONTACT US Toll free\u00a0: +1 888 530-3323[\/vc_column_text][\/vc_column_inner][vc_column_inner el_class=&#8221;bloc-call-slider&#8221; width=&#8221;1\/4&#8243;][vc_single_image image=&#8221;1242&#8243;&#8230;<\/p>\n","protected":false},"author":2,"featured_media":0,"parent":0,"menu_order":0,"comment_status":"closed","ping_status":"closed","template":"full_width.php","meta":{"inline_featured_image":false,"footnotes":""},"class_list":["post-2176","page","type-page","status-publish","hentry"],"yoast_head":"<!-- This site is optimized with the Yoast SEO plugin v27.5 - https:\/\/yoast.com\/product\/yoast-seo-wordpress\/ -->\n<title>Transport Company in Qu\u00e9bec| Transport \u00c9cono Nord<\/title>\n<meta name=\"description\" content=\"\u00c9cono Nord is a trucking company offering LTL, pallets and warehousing services in Qu\u00e9bec and Canada.\" \/>\n<meta name=\"robots\" content=\"index, follow, max-snippet:-1, max-image-preview:large, max-video-preview:-1\" \/>\n<link rel=\"canonical\" href=\"https:\/\/www.econonord.com\/en\/\" \/>\n<meta property=\"og:locale\" content=\"en_US\" \/>\n<meta property=\"og:type\" content=\"article\" \/>\n<meta property=\"og:title\" content=\"Transport Company in Qu\u00e9bec| Transport \u00c9cono Nord\" \/>\n<meta property=\"og:description\" content=\"\u00c9cono Nord is a trucking company offering LTL, pallets and warehousing services in Qu\u00e9bec and Canada.\" \/>\n<meta property=\"og:url\" content=\"https:\/\/www.econonord.com\/en\/\" \/>\n<meta property=\"og:site_name\" content=\"\u00c9cononord\" \/>\n<meta property=\"article:modified_time\" content=\"2023-10-17T19:52:50+00:00\" \/>\n<meta name=\"twitter:card\" content=\"summary_large_image\" \/>\n<meta name=\"twitter:label1\" content=\"Est. reading time\" \/>\n\t<meta name=\"twitter:data1\" content=\"5 minutes\" \/>\n<script type=\"application\/ld+json\" class=\"yoast-schema-graph\">{\"@context\":\"https:\\\/\\\/schema.org\",\"@graph\":[{\"@type\":\"WebPage\",\"@id\":\"https:\\\/\\\/www.econonord.com\\\/en\\\/\",\"url\":\"https:\\\/\\\/www.econonord.com\\\/en\\\/\",\"name\":\"Transport Company in Qu\u00e9bec| Transport \u00c9cono Nord\",\"isPartOf\":{\"@id\":\"https:\\\/\\\/www.econonord.com\\\/en\\\/#website\"},\"datePublished\":\"2016-08-04T19:00:32+00:00\",\"dateModified\":\"2023-10-17T19:52:50+00:00\",\"description\":\"\u00c9cono Nord is a trucking company offering LTL, pallets and warehousing services in Qu\u00e9bec and Canada.\",\"breadcrumb\":{\"@id\":\"https:\\\/\\\/www.econonord.com\\\/en\\\/#breadcrumb\"},\"inLanguage\":\"en-US\",\"potentialAction\":[{\"@type\":\"ReadAction\",\"target\":[\"https:\\\/\\\/www.econonord.com\\\/en\\\/\"]}]},{\"@type\":\"BreadcrumbList\",\"@id\":\"https:\\\/\\\/www.econonord.com\\\/en\\\/#breadcrumb\",\"itemListElement\":[{\"@type\":\"ListItem\",\"position\":1,\"name\":\"Accueil\",\"item\":\"https:\\\/\\\/www.econonord.com\\\/en\\\/\"},{\"@type\":\"ListItem\",\"position\":2,\"name\":\"Home\"}]},{\"@type\":\"WebSite\",\"@id\":\"https:\\\/\\\/www.econonord.com\\\/en\\\/#website\",\"url\":\"https:\\\/\\\/www.econonord.com\\\/en\\\/\",\"name\":\"\u00c9cononord\",\"description\":\"Transport \u00c9cono Nord - Transport Routier - LTL\",\"potentialAction\":[{\"@type\":\"SearchAction\",\"target\":{\"@type\":\"EntryPoint\",\"urlTemplate\":\"https:\\\/\\\/www.econonord.com\\\/en\\\/?s={search_term_string}\"},\"query-input\":{\"@type\":\"PropertyValueSpecification\",\"valueRequired\":true,\"valueName\":\"search_term_string\"}}],\"inLanguage\":\"en-US\"}]}<\/script>\n<!-- \/ Yoast SEO plugin. -->","yoast_head_json":{"title":"Transport Company in Qu\u00e9bec| Transport \u00c9cono Nord","description":"\u00c9cono Nord is a trucking company offering LTL, pallets and warehousing services in Qu\u00e9bec and Canada.","robots":{"index":"index","follow":"follow","max-snippet":"max-snippet:-1","max-image-preview":"max-image-preview:large","max-video-preview":"max-video-preview:-1"},"canonical":"https:\/\/www.econonord.com\/en\/","og_locale":"en_US","og_type":"article","og_title":"Transport Company in Qu\u00e9bec| Transport \u00c9cono Nord","og_description":"\u00c9cono Nord is a trucking company offering LTL, pallets and warehousing services in Qu\u00e9bec and Canada.","og_url":"https:\/\/www.econonord.com\/en\/","og_site_name":"\u00c9cononord","article_modified_time":"2023-10-17T19:52:50+00:00","twitter_card":"summary_large_image","twitter_misc":{"Est. reading time":"5 minutes"},"schema":{"@context":"https:\/\/schema.org","@graph":[{"@type":"WebPage","@id":"https:\/\/www.econonord.com\/en\/","url":"https:\/\/www.econonord.com\/en\/","name":"Transport Company in Qu\u00e9bec| Transport \u00c9cono Nord","isPartOf":{"@id":"https:\/\/www.econonord.com\/en\/#website"},"datePublished":"2016-08-04T19:00:32+00:00","dateModified":"2023-10-17T19:52:50+00:00","description":"\u00c9cono Nord is a trucking company offering LTL, pallets and warehousing services in Qu\u00e9bec and Canada.","breadcrumb":{"@id":"https:\/\/www.econonord.com\/en\/#breadcrumb"},"inLanguage":"en-US","potentialAction":[{"@type":"ReadAction","target":["https:\/\/www.econonord.com\/en\/"]}]},{"@type":"BreadcrumbList","@id":"https:\/\/www.econonord.com\/en\/#breadcrumb","itemListElement":[{"@type":"ListItem","position":1,"name":"Accueil","item":"https:\/\/www.econonord.com\/en\/"},{"@type":"ListItem","position":2,"name":"Home"}]},{"@type":"WebSite","@id":"https:\/\/www.econonord.com\/en\/#website","url":"https:\/\/www.econonord.com\/en\/","name":"\u00c9cononord","description":"Transport \u00c9cono Nord - Transport Routier - LTL","potentialAction":[{"@type":"SearchAction","target":{"@type":"EntryPoint","urlTemplate":"https:\/\/www.econonord.com\/en\/?s={search_term_string}"},"query-input":{"@type":"PropertyValueSpecification","valueRequired":true,"valueName":"search_term_string"}}],"inLanguage":"en-US"}]}},"_links":{"self":[{"href":"https:\/\/www.econonord.com\/en\/wp-json\/wp\/v2\/pages\/2176","targetHints":{"allow":["GET"]}}],"collection":[{"href":"https:\/\/www.econonord.com\/en\/wp-json\/wp\/v2\/pages"}],"about":[{"href":"https:\/\/www.econonord.com\/en\/wp-json\/wp\/v2\/types\/page"}],"author":[{"embeddable":true,"href":"https:\/\/www.econonord.com\/en\/wp-json\/wp\/v2\/users\/2"}],"replies":[{"embeddable":true,"href":"https:\/\/www.econonord.com\/en\/wp-json\/wp\/v2\/comments?post=2176"}],"version-history":[{"count":12,"href":"https:\/\/www.econonord.com\/en\/wp-json\/wp\/v2\/pages\/2176\/revisions"}],"predecessor-version":[{"id":3968,"href":"https:\/\/www.econonord.com\/en\/wp-json\/wp\/v2\/pages\/2176\/revisions\/3968"}],"wp:attachment":[{"href":"https:\/\/www.econonord.com\/en\/wp-json\/wp\/v2\/media?parent=2176"}],"curies":[{"name":"wp","href":"https:\/\/api.w.org\/{rel}","templated":true}]}}